{"id":12,"date":"2020-07-17T09:55:40","date_gmt":"2020-07-17T09:55:40","guid":{"rendered":"https:\/\/worldfoodday.ch\/?page_id=12"},"modified":"2020-07-17T09:56:57","modified_gmt":"2020-07-17T09:56:57","slug":"12-2","status":"publish","type":"page","link":"https:\/\/worldfoodday.ch\/index.php\/12-2\/","title":{"rendered":"Organisation"},"content":{"rendered":"<p><strong>Cette journ\u00e9e est organis\u00e9 par ( en ordre alphab\u00e9tique):<\/strong><\/p>\n<figure class=\"wp-block-table\">\n<table>\n<tbody>\n<tr>\n<td class=\"has-text-align-left\" data-align=\"left\"><a href=\"https:\/\/agrarinfo.ch\/\" target=\"_blank\" rel=\"noreferrer noopener\"><img decoding=\"async\" class=\"wp-image-202\" style=\"width: 150px;\" src=\"https:\/\/welternaehrungstag.ch\/wp-content\/uploads\/2018\/09\/agrarinfo.jpg\" alt=\"\"><\/a><\/td>\n<td class=\"has-text-align-center\" data-align=\"center\"><img decoding=\"async\" class=\"wp-image-219\" style=\"width: 150px;\" src=\"https:\/\/welternaehrungstag.ch\/wp-content\/uploads\/2018\/09\/HAFL.jpg\" alt=\"\"><\/td>\n<td class=\"has-text-align-right\" data-align=\"right\"><img decoding=\"async\" class=\"wp-image-199\" style=\"width: 150px;\" src=\"https:\/\/welternaehrungstag.ch\/wp-content\/uploads\/2018\/09\/BFA_rgb_3sprachig_mHG_dfi.jpg\" alt=\"\"><\/td>\n<\/tr>\n<tr>\n<td class=\"has-text-align-left\" data-align=\"left\"><img decoding=\"async\" class=\"wp-image-209\" style=\"width: 150px;\" src=\"https:\/\/welternaehrungstag.ch\/wp-content\/uploads\/2018\/09\/fastenopfer.jpg\" alt=\"\"><\/td>\n<td class=\"has-text-align-center\" data-align=\"center\"><a href=\"https:\/\/www.heks.ch\/\" target=\"_blank\" rel=\"noreferrer noopener\"><img decoding=\"async\" class=\"wp-image-673\" style=\"width: 150px;\" src=\"https:\/\/welternaehrungstag.ch\/wp-content\/uploads\/2019\/07\/HE_H_RGB_co-e1562833537398.jpg\" alt=\"\"><\/a><\/td>\n<td class=\"has-text-align-right\" data-align=\"right\"><img decoding=\"async\" class=\"wp-image-976\" style=\"width: 150px;\" src=\"https:\/\/welternaehrungstag.ch\/wp-content\/uploads\/2019\/08\/OGG_Logo_cmyk.jpg\" alt=\"\"><\/td>\n<\/tr>\n<tr>\n<td class=\"has-text-align-left\" data-align=\"left\"><a href=\"https:\/\/www.swissaid.ch\/de\/\" target=\"_blank\" rel=\"noreferrer noopener\"><img decoding=\"async\" class=\"wp-image-193\" style=\"width: 150px;\" src=\"https:\/\/welternaehrungstag.ch\/wp-content\/uploads\/2018\/09\/logo_Swissaid.jpg\" alt=\"\"><\/a><\/td>\n<td class=\"has-text-align-center\" data-align=\"center\"><a href=\"https:\/\/uniterre.ch\/de\" target=\"_blank\" rel=\"noreferrer noopener\"><img decoding=\"async\" class=\"wp-image-195\" style=\"width: 150px;\" src=\"https:\/\/welternaehrungstag.ch\/wp-content\/uploads\/2018\/09\/logo-Uniterre-.jpg\" alt=\"\"><\/a><\/td>\n<td class=\"has-text-align-right\" data-align=\"right\"><\/td>\n<\/tr>\n<\/tbody>\n<\/table>\n<\/figure>\n","protected":false},"excerpt":{"rendered":"<p>Cette journ\u00e9e est organis\u00e9 par ( en ordre alphab\u00e9tique):<\/p>\n","protected":false},"author":1,"featured_media":0,"parent":0,"menu_order":0,"comment_status":"closed","ping_status":"closed","template":"","meta":{"footnotes":""},"class_list":["post-12","page","type-page","status-publish","hentry"],"_links":{"self":[{"href":"https:\/\/worldfoodday.ch\/index.php\/wp-json\/wp\/v2\/pages\/12","targetHints":{"allow":["GET"]}}],"collection":[{"href":"https:\/\/worldfoodday.ch\/index.php\/wp-json\/wp\/v2\/pages"}],"about":[{"href":"https:\/\/worldfoodday.ch\/index.php\/wp-json\/wp\/v2\/types\/page"}],"author":[{"embeddable":true,"href":"https:\/\/worldfoodday.ch\/index.php\/wp-json\/wp\/v2\/users\/1"}],"replies":[{"embeddable":true,"href":"https:\/\/worldfoodday.ch\/index.php\/wp-json\/wp\/v2\/comments?post=12"}],"version-history":[{"count":4,"href":"https:\/\/worldfoodday.ch\/index.php\/wp-json\/wp\/v2\/pages\/12\/revisions"}],"predecessor-version":[{"id":16,"href":"https:\/\/worldfoodday.ch\/index.php\/wp-json\/wp\/v2\/pages\/12\/revisions\/16"}],"wp:attachment":[{"href":"https:\/\/worldfoodday.ch\/index.php\/wp-json\/wp\/v2\/media?parent=12"}],"curies":[{"name":"wp","href":"https:\/\/api.w.org\/{rel}","templated":true}]}}